{"id":26,"date":"2023-06-07T11:14:18","date_gmt":"2023-06-07T09:14:18","guid":{"rendered":"https:\/\/rehatrans.pl\/?page_id=26"},"modified":"2023-06-07T11:14:20","modified_gmt":"2023-06-07T09:14:20","slug":"rehabilitacja","status":"publish","type":"page","link":"https:\/\/rehatrans.pl\/?page_id=26","title":{"rendered":"Rehabilitacja"},"content":{"rendered":"\n<p><strong>Twoje cia\u0142o potrzebuje odpr\u0119\u017cenia? Skorzystaj z zabieg\u00f3w w ramach us\u0142ug<\/strong><a href=\"https:\/\/szymonbudnik.pl\/uslugi\/masaz\/\"><strong> masa\u017c Pozna\u0144<\/strong><\/a><strong> i pozb\u0105d\u017a si\u0119 wszelkich dolegliwo\u015bci!<\/strong><a href=\"https:\/\/szymonbudnik.pl\/\"><strong> Specjalista Szymon Budnik<\/strong><\/a><strong>, oferuje<\/strong><a href=\"https:\/\/harumi.pl\/uslugi\/masaz\/masaz-sportowy\/\"><strong> masa\u017c sportowy<\/strong><\/a><strong>,<\/strong><a href=\"https:\/\/harumi.pl\/uslugi\/masaz\/masaz-relaksacyjny\/\"><strong> masa\u017c relaksacyjny<\/strong><\/a><strong>,<\/strong><a href=\"https:\/\/harumi.pl\/uslugi\/masaz\/masaz-tkanek-glebokich\/\"><strong> masa\u017c tkanek g\u0142\u0119bokich<\/strong><\/a><strong> i wiele wiele innych. W przypadku r\u00f3\u017cnego rodzaju kontuzji, przeci\u0105\u017ce\u0144 lub nadwyr\u0119\u017ce\u0144, zach\u0119camy do skorzystania z zabieg\u00f3w w ramach us\u0142ug<\/strong><a href=\"https:\/\/szymonbudnik.pl\/uslugi\/fizjoterapia\/\"><strong> fizjoterapia Pozna\u0144<\/strong><\/a><strong>.<\/strong><\/p>\n\n\n\n\n<p><a href=\"https:\/\/szymonbudnik.pl\/uslugi\/rehabilitacja\/\">Rehabilitacja Pozna\u0144<\/a> to proces medyczny, kt\u00f3ry ma na celu przywr\u00f3cenie, utrzymanie lub popraw\u0119 funkcji fizycznych, psychologicznych i spo\u0142ecznych u os\u00f3b z r\u00f3\u017cnymi rodzajami niepe\u0142nosprawno\u015bci, urazami, chorobami lub zaburzeniami zdrowotnymi. Jej g\u0142\u00f3wnym celem jest przywr\u00f3cenie pacjentowi jak najwi\u0119kszej niezale\u017cno\u015bci i jako\u015bci \u017cycia.<\/p>\n\n\n\n<p>Rehabilitacja mo\u017ce by\u0107 stosowana w przypadku r\u00f3\u017cnych schorze\u0144, takich jak urazy sportowe, pourazowe uszkodzenia ko\u015bci i staw\u00f3w, wrodzone wady, choroby neurologiczne (np. udar m\u00f3zgu, stwardnienie rozsiane), choroby reumatyczne, pourazowe uszkodzenia rdzenia kr\u0119gowego oraz wiele innych stan\u00f3w.<\/p>\n\n\n\n<p>Proces rehabilitacji zwykle obejmuje ocen\u0119 stanu pacjenta, ustalenie cel\u00f3w terapeutycznych oraz opracowanie indywidualnego planu leczenia.<\/p>\n","protected":false},"excerpt":{"rendered":"<p>Rehabilitacja Pozna\u0144 to proces medyczny, kt\u00f3ry ma na celu przywr\u00f3cenie, utrzymanie lub popraw\u0119 funkcji fizycznych, psychologicznych i spo\u0142ecznych u os\u00f3b z r\u00f3\u017cnymi rodzajami niepe\u0142nosprawno\u015bci, urazami, chorobami lub zaburzeniami zdrowotnymi. Jej g\u0142\u00f3wnym celem jest przywr\u00f3cenie pacjentowi jak najwi\u0119kszej niezale\u017cno\u015bci i jako\u015bci \u017cycia. Rehabilitacja mo\u017ce by\u0107 stosowana w przypadku r\u00f3\u017cnych schorze\u0144, takich jak urazy sportowe, pourazowe uszkodzenia ko\u015bci i staw\u00f3w, wrodzone wady, choroby neurologiczne (np. udar m\u00f3zgu, stwardnienie rozsiane), choroby reumatyczne, pourazowe uszkodzenia rdzenia kr\u0119gowego oraz wiele innych stan\u00f3w. Proces rehabilitacji zwykle obejmuje ocen\u0119 stanu pacjenta, ustalenie cel\u00f3w terapeutycznych oraz opracowanie indywidualnego planu leczenia.<\/p>\n","protected":false},"author":2,"featured_media":0,"parent":19,"menu_order":0,"comment_status":"closed","ping_status":"closed","template":"","meta":[],"yoast_head":"<!-- This site is optimized with the Yoast SEO plugin v20.8 - https:\/\/yoast.com\/wordpress\/plugins\/seo\/ -->\n<title>Rehabilitacja - Rehatrans<\/title>\n<meta name=\"robots\" content=\"index, follow, max-snippet:-1, max-image-preview:large, max-video-preview:-1\" \/>\n<link rel=\"canonical\" href=\"https:\/\/rehatrans.pl\/?page_id=26\" \/>\n<meta property=\"og:locale\" content=\"pl_PL\" \/>\n<meta property=\"og:type\" content=\"article\" \/>\n<meta property=\"og:title\" content=\"Rehabilitacja - Rehatrans\" \/>\n<meta property=\"og:description\" content=\"Rehabilitacja Pozna\u0144 to proces medyczny, kt\u00f3ry ma na celu przywr\u00f3cenie, utrzymanie lub popraw\u0119 funkcji fizycznych, psychologicznych i spo\u0142ecznych u os\u00f3b z r\u00f3\u017cnymi rodzajami niepe\u0142nosprawno\u015bci, urazami, chorobami lub zaburzeniami zdrowotnymi. Jej g\u0142\u00f3wnym celem jest przywr\u00f3cenie pacjentowi jak najwi\u0119kszej niezale\u017cno\u015bci i jako\u015bci \u017cycia. Rehabilitacja mo\u017ce by\u0107 stosowana w przypadku r\u00f3\u017cnych schorze\u0144, takich jak urazy sportowe, pourazowe uszkodzenia ko\u015bci i staw\u00f3w, wrodzone wady, choroby neurologiczne (np. udar m\u00f3zgu, stwardnienie rozsiane), choroby reumatyczne, pourazowe uszkodzenia rdzenia kr\u0119gowego oraz wiele innych stan\u00f3w. Proces rehabilitacji zwykle obejmuje ocen\u0119 stanu pacjenta, ustalenie cel\u00f3w terapeutycznych oraz opracowanie indywidualnego planu leczenia.\" \/>\n<meta property=\"og:url\" content=\"https:\/\/rehatrans.pl\/?page_id=26\" \/>\n<meta property=\"og:site_name\" content=\"Rehatrans\" \/>\n<meta property=\"article:modified_time\" content=\"2023-06-07T09:14:20+00:00\" \/>\n<meta name=\"twitter:card\" content=\"summary_large_image\" \/>\n<meta name=\"twitter:label1\" content=\"Szacowany czas czytania\" \/>\n\t<meta name=\"twitter:data1\" content=\"1 minuta\" \/>\n<script type=\"application\/ld+json\" class=\"yoast-schema-graph\">{\"@context\":\"https:\/\/schema.org\",\"@graph\":[{\"@type\":\"WebPage\",\"@id\":\"https:\/\/rehatrans.pl\/?page_id=26\",\"url\":\"https:\/\/rehatrans.pl\/?page_id=26\",\"name\":\"Rehabilitacja - Rehatrans\",\"isPartOf\":{\"@id\":\"https:\/\/rehatrans.pl\/#website\"},\"datePublished\":\"2023-06-07T09:14:18+00:00\",\"dateModified\":\"2023-06-07T09:14:20+00:00\",\"breadcrumb\":{\"@id\":\"https:\/\/rehatrans.pl\/?page_id=26#breadcrumb\"},\"inLanguage\":\"pl-PL\",\"potentialAction\":[{\"@type\":\"ReadAction\",\"target\":[\"https:\/\/rehatrans.pl\/?page_id=26\"]}]},{\"@type\":\"BreadcrumbList\",\"@id\":\"https:\/\/rehatrans.pl\/?page_id=26#breadcrumb\",\"itemListElement\":[{\"@type\":\"ListItem\",\"position\":1,\"name\":\"Strona g\u0142\u00f3wna\",\"item\":\"https:\/\/rehatrans.pl\/\"},{\"@type\":\"ListItem\",\"position\":2,\"name\":\"Oferta\",\"item\":\"https:\/\/rehatrans.pl\/?page_id=19\"},{\"@type\":\"ListItem\",\"position\":3,\"name\":\"Rehabilitacja\"}]},{\"@type\":\"WebSite\",\"@id\":\"https:\/\/rehatrans.pl\/#website\",\"url\":\"https:\/\/rehatrans.pl\/\",\"name\":\"Rehatrans\",\"description\":\"Specjali\u015bci z zakresu rehabilitacji i fizjoterapii\",\"potentialAction\":[{\"@type\":\"SearchAction\",\"target\":{\"@type\":\"EntryPoint\",\"urlTemplate\":\"https:\/\/rehatrans.pl\/?s={search_term_string}\"},\"query-input\":\"required name=search_term_string\"}],\"inLanguage\":\"pl-PL\"}]}<\/script>\n<!-- \/ Yoast SEO plugin. -->","yoast_head_json":{"title":"Rehabilitacja - Rehatrans","robots":{"index":"index","follow":"follow","max-snippet":"max-snippet:-1","max-image-preview":"max-image-preview:large","max-video-preview":"max-video-preview:-1"},"canonical":"https:\/\/rehatrans.pl\/?page_id=26","og_locale":"pl_PL","og_type":"article","og_title":"Rehabilitacja - Rehatrans","og_description":"Rehabilitacja Pozna\u0144 to proces medyczny, kt\u00f3ry ma na celu przywr\u00f3cenie, utrzymanie lub popraw\u0119 funkcji fizycznych, psychologicznych i spo\u0142ecznych u os\u00f3b z r\u00f3\u017cnymi rodzajami niepe\u0142nosprawno\u015bci, urazami, chorobami lub zaburzeniami zdrowotnymi. Jej g\u0142\u00f3wnym celem jest przywr\u00f3cenie pacjentowi jak najwi\u0119kszej niezale\u017cno\u015bci i jako\u015bci \u017cycia. Rehabilitacja mo\u017ce by\u0107 stosowana w przypadku r\u00f3\u017cnych schorze\u0144, takich jak urazy sportowe, pourazowe uszkodzenia ko\u015bci i staw\u00f3w, wrodzone wady, choroby neurologiczne (np. udar m\u00f3zgu, stwardnienie rozsiane), choroby reumatyczne, pourazowe uszkodzenia rdzenia kr\u0119gowego oraz wiele innych stan\u00f3w. Proces rehabilitacji zwykle obejmuje ocen\u0119 stanu pacjenta, ustalenie cel\u00f3w terapeutycznych oraz opracowanie indywidualnego planu leczenia.","og_url":"https:\/\/rehatrans.pl\/?page_id=26","og_site_name":"Rehatrans","article_modified_time":"2023-06-07T09:14:20+00:00","twitter_card":"summary_large_image","twitter_misc":{"Szacowany czas czytania":"1 minuta"},"schema":{"@context":"https:\/\/schema.org","@graph":[{"@type":"WebPage","@id":"https:\/\/rehatrans.pl\/?page_id=26","url":"https:\/\/rehatrans.pl\/?page_id=26","name":"Rehabilitacja - Rehatrans","isPartOf":{"@id":"https:\/\/rehatrans.pl\/#website"},"datePublished":"2023-06-07T09:14:18+00:00","dateModified":"2023-06-07T09:14:20+00:00","breadcrumb":{"@id":"https:\/\/rehatrans.pl\/?page_id=26#breadcrumb"},"inLanguage":"pl-PL","potentialAction":[{"@type":"ReadAction","target":["https:\/\/rehatrans.pl\/?page_id=26"]}]},{"@type":"BreadcrumbList","@id":"https:\/\/rehatrans.pl\/?page_id=26#breadcrumb","itemListElement":[{"@type":"ListItem","position":1,"name":"Strona g\u0142\u00f3wna","item":"https:\/\/rehatrans.pl\/"},{"@type":"ListItem","position":2,"name":"Oferta","item":"https:\/\/rehatrans.pl\/?page_id=19"},{"@type":"ListItem","position":3,"name":"Rehabilitacja"}]},{"@type":"WebSite","@id":"https:\/\/rehatrans.pl\/#website","url":"https:\/\/rehatrans.pl\/","name":"Rehatrans","description":"Specjali\u015bci z zakresu rehabilitacji i fizjoterapii","potentialAction":[{"@type":"SearchAction","target":{"@type":"EntryPoint","urlTemplate":"https:\/\/rehatrans.pl\/?s={search_term_string}"},"query-input":"required name=search_term_string"}],"inLanguage":"pl-PL"}]}},"jetpack-related-posts":[{"id":87,"url":"https:\/\/rehatrans.pl\/","url_meta":{"origin":26,"position":0},"title":"Strona G\u0142\u00f3wna","date":"9 czerwca 2023","format":false,"excerpt":"Witajcie na stronie po\u015bwi\u0119conej rehabilitacji! Je\u015bli szukasz informacji na temat rehabilitacji, trafi\u0142e\u015b we w\u0142a\u015bciwe miejsce. Nasza strona jest dedykowana wszystkim, kt\u00f3rzy pragn\u0105 odzyska\u0107 pe\u0142n\u0105 sprawno\u015b\u0107 fizyczn\u0105 i powr\u00f3ci\u0107 do zdrowia po urazach, operacjach lub schorzeniach. REHABILITACJA Rehabilitacja to proces, kt\u00f3ry pomaga pacjentom w powrocie do normalnego funkcjonowania poprzez wzmacnianie mi\u0119\u015bni,\u2026","rel":"","context":"Similar post","img":{"alt_text":"","src":"https:\/\/i0.wp.com\/rehatrans.pl\/wp-content\/uploads\/2023\/06\/neuromobilization.jpg?resize=350%2C200&ssl=1","width":350,"height":200},"classes":[]},{"id":43,"url":"https:\/\/rehatrans.pl\/?page_id=43","url_meta":{"origin":26,"position":1},"title":"\u0141\u00f3\u017cka rehabilitacyjne","date":"7 czerwca 2023","format":false,"excerpt":"SUPER OFERTA! KUPUJ\u0104C U NAS NOWE \u0141\u00d3\u017bKO ELEKTRYCZNE LUNA, OTRZYMUJESZ MATERAC PIANKOWY\u00a0GRATIS TYKO U NAS OTRZYMUJESZ R\u00d3WNIE\u017b\u00a0GRATIS\u00a0MATERAC PRZECIWODLE\u017bYNOWY! SKORZYSTAJ Z OFERTY ZADZWO\u0143\u00a0506-551-932 Oferujemy Pa\u0144stwu \u0142\u00f3\u017cka rehabilitacyjne w opcjach dostosowanych do Pa\u0144stwa potrzeb.Prosimy o zapoznanie si\u0119 z poni\u017csz\u0105 ofert\u0105 , w razie w\u0105tpliwo\u015bci lub dodatkowych pyta\u0144 prosimy Pa\u0144stwa o kontakt z\u2026","rel":"","context":"Similar post","img":{"alt_text":"","src":"","width":0,"height":0},"classes":[]},{"id":56,"url":"https:\/\/rehatrans.pl\/?page_id=56","url_meta":{"origin":26,"position":2},"title":"W\u00f3zki spacerowe","date":"7 czerwca 2023","format":false,"excerpt":"W\u00d3ZKI DZIECI\u0118CE SPACEROWE W\u00f3zek spacerowy Eco Spacer\u00f3wka typu Eco to nowy w\u00f3zek rehabilitacyjny przeznaczony do \u0142atwego i szybkiego transportu dzieci niepe\u0142nosprawnych. Dzi\u0119ki aluminiowej\u00a0ramie pokrytej lakierem proszkowym jest bardzo lekka ale jednocze\u015bnie stabilna: jej no\u015bno\u015b\u0107 do 50 kg nadaje si\u0119 r\u00f3wnie\u017c dla wi\u0119kszych dzieci. Specjalnie wzmocniona tapicerka w obr\u0119bie siedziska jak\u2026","rel":"","context":"Similar post","img":{"alt_text":"","src":"https:\/\/i0.wp.com\/web.archive.org\/web\/20190123132902im_\/http:\/\/www.wanmed.pl\/images\/stories\/eco.jpg?resize=350%2C200&ssl=1","width":350,"height":200},"classes":[]},{"id":32,"url":"https:\/\/rehatrans.pl\/?page_id=32","url_meta":{"origin":26,"position":3},"title":"\u0141\u00f3\u017cka powystawowe","date":"7 czerwca 2023","format":false,"excerpt":"\u0141\u00f3\u017cko rehabilitacyjne elektryczne w komplecie z wysi\u0119gnikiem i nowym materacem cena brutto 2000z\u0142 \u0141\u00f3\u017cko powystawowe lub u\u017cywane w stanie bardzo dobrym. Rama stalowa. Instalacja bez u\u017cycia \u015brub i narz\u0119dzi. Szczyty \u0142\u00f3\u017cka wype\u0142nione p\u0142yt\u0105 drewnian\u0105- kolor buk Elektrycznie sterowana sekcja oparcia 0-75stopni Elektrycznie sterowana wysoko\u015b\u0107 ca\u0142ego\u00a0 \u0142\u00f3\u017cka g\u00f3ra-d\u00f3\u0142 45-75cm R\u0119cznie regulowana\u2026","rel":"","context":"Similar post","img":{"alt_text":"","src":"","width":0,"height":0},"classes":[]},{"id":14,"url":"https:\/\/rehatrans.pl\/?page_id=14","url_meta":{"origin":26,"position":4},"title":"DOFINANSOWANIA","date":"7 czerwca 2023","format":false,"excerpt":"NOWE ZASADY REFUNDACJI DO W\u00d3ZK\u00d3W ELEKTRYCZNYCHNowy program na dofinansownie do zakupu w\u00f3zka z nap\u0119dem elektrycznym przez PFRON program \u201eAKTYWNY SAMORZ\u0104D \u201d.Program realizowany jest w lokalnych o\u015brodka PCPR,MOPS, lub Urz\u0119dach GminOsobami uprawnionymi do skorzystania z tego dofinansowania s\u0105 osoby niepe\u0142nosprawne (doros\u0142e i dzieci), posiadaj\u0105ce: orzeczenie\u00a0o znacznym stopniu niepe\u0142nosprawno\u015bci lub orzeczenie o\u2026","rel":"","context":"Similar post","img":{"alt_text":"","src":"","width":0,"height":0},"classes":[]},{"id":41,"url":"https:\/\/rehatrans.pl\/?page_id=41","url_meta":{"origin":26,"position":5},"title":"Adaptacja samochod\u00f3w","date":"7 czerwca 2023","format":false,"excerpt":"Na wszystkie poni\u017csze oferowane urz\u0105dzenia istnieje mozliwo\u015bc dofinansowania NOWO\u015a\u0106!!!\u00a0 Obrotowy fotel samochodowy dla osoby niepe\u0142nosprawnejsystem\u00a0TOURNOUTOpatentowany system obracanago fotela Tournout to idealne rozwi\u0105zanie dla os\u00f3b maj\u0105cych problem ze wsiadaniem do samochodu. Wygodny fotel typu kapita\u0144skiego zapewni optymalna stabilizacj\u0119 i bezpiecze\u0144stwo. Istnieje mozliwo\u015b\u0107 zastosowania dodatkowego system pochylania oparcia opcja TILDA. Urz\u0105dzenie montuje\u2026","rel":"","context":"Similar post","img":{"alt_text":"caro_40","src":"https:\/\/i0.wp.com\/web.archive.org\/web\/20150330022155im_\/http:\/\/rehatrans.pl\/images\/new\/caro_40.jpg?resize=350%2C200&ssl=1","width":350,"height":200},"classes":[]}],"_links":{"self":[{"href":"https:\/\/rehatrans.pl\/index.php?rest_route=\/wp\/v2\/pages\/26"}],"collection":[{"href":"https:\/\/rehatrans.pl\/index.php?rest_route=\/wp\/v2\/pages"}],"about":[{"href":"https:\/\/rehatrans.pl\/index.php?rest_route=\/wp\/v2\/types\/page"}],"author":[{"embeddable":true,"href":"https:\/\/rehatrans.pl\/index.php?rest_route=\/wp\/v2\/users\/2"}],"replies":[{"embeddable":true,"href":"https:\/\/rehatrans.pl\/index.php?rest_route=%2Fwp%2Fv2%2Fcomments&post=26"}],"version-history":[{"count":1,"href":"https:\/\/rehatrans.pl\/index.php?rest_route=\/wp\/v2\/pages\/26\/revisions"}],"predecessor-version":[{"id":27,"href":"https:\/\/rehatrans.pl\/index.php?rest_route=\/wp\/v2\/pages\/26\/revisions\/27"}],"up":[{"embeddable":true,"href":"https:\/\/rehatrans.pl\/index.php?rest_route=\/wp\/v2\/pages\/19"}],"wp:attachment":[{"href":"https:\/\/rehatrans.pl\/index.php?rest_route=%2Fwp%2Fv2%2Fmedia&parent=26"}],"curies":[{"name":"wp","href":"https:\/\/api.w.org\/{rel}","templated":true}]}}